{"id":45,"date":"2020-08-30T11:46:52","date_gmt":"2020-08-30T09:46:52","guid":{"rendered":"https:\/\/vertical-eudois.escalade-normandie.com\/?page_id=45"},"modified":"2022-09-24T17:32:39","modified_gmt":"2022-09-24T15:32:39","slug":"informations-pratiques","status":"publish","type":"page","link":"https:\/\/vertical-eudois.escalade-normandie.com\/index.php\/informations-pratiques\/","title":{"rendered":"Informations pratiques"},"content":{"rendered":"\n<hr class=\"wp-block-separator has-css-opacity is-style-wide\"\/>\n\n\n\n<h4 class=\"wp-block-heading\">O\u00f9 nous trouver<\/h4>\n\n\n\n<div class=\"wp-block-columns is-layout-flex wp-container-core-columns-is-layout-1 wp-block-columns-is-layout-flex\">\n<div class=\"wp-block-column is-layout-flow wp-block-column-is-layout-flow\">\n<p class=\"has-text-align-center\">Gymnase du lyc\u00e9e<\/p>\n\n\n\n<iframe loading=\"lazy\" src=\"https:\/\/www.google.com\/maps\/embed?pb=!1m18!1m12!1m3!1d2561.8169656730947!2d1.4127151160439742!3d50.05225997942239!2m3!1f0!2f0!3f0!3m2!1i1024!2i768!4f13.1!3m3!1m2!1s0x47de0100c47eed4f%3A0xa9b19231af71b40a!2sVertical%20Eudois%20club%20d'escalade%20FFME!5e0!3m2!1sfr!2sfr!4v1598792865068!5m2!1sfr!2sfr\" style=\"border:0;\" allowfullscreen=\"\" aria-hidden=\"false\" tabindex=\"0\" width=\"400\" height=\"300\" frameborder=\"0\"><\/iframe>\n<\/div>\n\n\n\n<div class=\"wp-block-column is-layout-flow wp-block-column-is-layout-flow\">\n<p class=\"has-text-align-center\">Gymnase municipal<\/p>\n\n\n\n<iframe loading=\"lazy\" src=\"https:\/\/www.google.com\/maps\/embed?pb=!1m18!1m12!1m3!1d2561.891988976998!2d1.4216951518258352!3d50.050854630668454!2m3!1f0!2f0!3f0!3m2!1i1024!2i768!4f13.1!3m3!1m2!1s0x47de005ede1a0677%3A0x9b4e4a847fb67a2e!2sGymnase!5e0!3m2!1sfr!2sfr!4v1598792713301!5m2!1sfr!2sfr\" style=\"border:0;\" allowfullscreen=\"\" aria-hidden=\"false\" tabindex=\"0\" width=\"400\" height=\"300\"  frameborder=\"0\"><\/iframe>\n<\/div>\n<\/div>\n\n\n\n<hr class=\"wp-block-separator has-css-opacity\"\/>\n\n\n\n<h4 class=\"wp-block-heading\">Pour contacter le Vertical Eudois<\/h4>\n\n\n\n<p>Par t\u00e9l\u00e9phone: 06 11 02 03 65<br>Par e-mail: vertical.eudois@gmail.com<\/p>\n\n\n\n<p> <\/p>\n\n\n\n<hr class=\"wp-block-separator has-text-color has-black-color has-alpha-channel-opacity has-black-background-color has-background is-style-wide\"\/>\n\n\n\n<p> <\/p>\n\n\n\n<h4 class=\"wp-block-heading\">R\u00e8glement int\u00e9rieur :<\/h4>\n\n\n\n<div class=\"wp-block-file\"><a id=\"wp-block-file--media-566258a1-3bf6-46f5-954f-a9a3af667b07\" href=\"https:\/\/vertical-eudois.escalade-normandie.com\/wp-content\/uploads\/2022\/09\/Reglement-interieur.pdf\" target=\"_blank\" rel=\"noreferrer noopener\">R\u00e8glement int\u00e9rieur<\/a><a href=\"https:\/\/vertical-eudois.escalade-normandie.com\/wp-content\/uploads\/2022\/09\/Reglement-interieur.pdf\" class=\"wp-block-file__button\" download aria-describedby=\"wp-block-file--media-566258a1-3bf6-46f5-954f-a9a3af667b07\">T\u00e9l\u00e9charger<\/a><\/div>\n\n\n\n<p> <\/p>\n\n\n\n<h4 class=\"wp-block-heading\">Dossier d\u2019inscription :<\/h4>\n\n\n\n<div class=\"wp-block-file\"><a id=\"wp-block-file--media-b732239a-70d0-4625-9063-42261ead4a23\" href=\"https:\/\/vertical-eudois.escalade-normandie.com\/wp-content\/uploads\/2022\/09\/Formulaire-d-adhesion.pdf\" target=\"_blank\" rel=\"noreferrer noopener\">Formulaire d&rsquo;adh\u00e9sion<\/a><a href=\"https:\/\/vertical-eudois.escalade-normandie.com\/wp-content\/uploads\/2022\/09\/Formulaire-d-adhesion.pdf\" class=\"wp-block-file__button\" download aria-describedby=\"wp-block-file--media-b732239a-70d0-4625-9063-42261ead4a23\">T\u00e9l\u00e9charger<\/a><\/div>\n\n\n\n<div class=\"wp-block-file\"><a id=\"wp-block-file--media-f6d006ec-9501-45e0-a198-ad625babc22a\" href=\"https:\/\/vertical-eudois.escalade-normandie.com\/wp-content\/uploads\/2022\/09\/certificat-medical-type.pdf\" target=\"_blank\" rel=\"noreferrer noopener\">Certificat m\u00e9dical type<\/a><a href=\"https:\/\/vertical-eudois.escalade-normandie.com\/wp-content\/uploads\/2022\/09\/certificat-medical-type.pdf\" class=\"wp-block-file__button\" download aria-describedby=\"wp-block-file--media-f6d006ec-9501-45e0-a198-ad625babc22a\">T\u00e9l\u00e9charger<\/a><\/div>\n\n\n\n<div class=\"wp-block-file\"><a id=\"wp-block-file--media-535fbdcd-ed31-41c3-8212-c92293cd413d\" href=\"https:\/\/vertical-eudois.escalade-normandie.com\/wp-content\/uploads\/2022\/09\/questionnaire-sante-jeune.pdf\" target=\"_blank\" rel=\"noreferrer noopener\">Questionnaire de sant\u00e9 jeune<\/a><a href=\"https:\/\/vertical-eudois.escalade-normandie.com\/wp-content\/uploads\/2022\/09\/questionnaire-sante-jeune.pdf\" class=\"wp-block-file__button\" download aria-describedby=\"wp-block-file--media-535fbdcd-ed31-41c3-8212-c92293cd413d\">T\u00e9l\u00e9charger<\/a><\/div>\n\n\n\n<div class=\"wp-block-file\"><a id=\"wp-block-file--media-d87e0744-3063-4f15-9156-e8db75ea29d6\" href=\"https:\/\/vertical-eudois.escalade-normandie.com\/wp-content\/uploads\/2022\/09\/cerfa_15699-01-Questionnaire-sante-adultes.pdf\" target=\"_blank\" rel=\"noreferrer noopener\">Questionnaire de sant\u00e9 adulte<\/a><a href=\"https:\/\/vertical-eudois.escalade-normandie.com\/wp-content\/uploads\/2022\/09\/cerfa_15699-01-Questionnaire-sante-adultes.pdf\" class=\"wp-block-file__button\" download aria-describedby=\"wp-block-file--media-d87e0744-3063-4f15-9156-e8db75ea29d6\">T\u00e9l\u00e9charger<\/a><\/div>\n\n\n\n<div class=\"wp-block-file\"><a id=\"wp-block-file--media-b466b50b-ee7f-4e2d-9358-e60a557dce31\" href=\"https:\/\/vertical-eudois.escalade-normandie.com\/wp-content\/uploads\/2022\/09\/2023-notice-assurance.pdf\" target=\"_blank\" rel=\"noreferrer noopener\">Notice d&rsquo;information assurance<\/a><a href=\"https:\/\/vertical-eudois.escalade-normandie.com\/wp-content\/uploads\/2022\/09\/2023-notice-assurance.pdf\" class=\"wp-block-file__button\" download aria-describedby=\"wp-block-file--media-b466b50b-ee7f-4e2d-9358-e60a557dce31\">T\u00e9l\u00e9charger<\/a><\/div>\n\n\n\n<p> <\/p>\n","protected":false},"excerpt":{"rendered":"<p>O\u00f9 nous trouver Gymnase du lyc\u00e9e Gymnase municipal Pour contacter le Vertical Eudois Par t\u00e9l\u00e9phone: 06 11 02 03 65Par e-mail: vertical.eudois@gmail.com R\u00e8glement int\u00e9rieur : Dossier d\u2019inscription :<\/p>\n","protected":false},"author":3,"featured_media":0,"parent":0,"menu_order":0,"comment_status":"closed","ping_status":"closed","template":"","meta":{"footnotes":""},"class_list":["post-45","page","type-page","status-publish","hentry"],"_links":{"self":[{"href":"https:\/\/vertical-eudois.escalade-normandie.com\/index.php\/wp-json\/wp\/v2\/pages\/45"}],"collection":[{"href":"https:\/\/vertical-eudois.escalade-normandie.com\/index.php\/wp-json\/wp\/v2\/pages"}],"about":[{"href":"https:\/\/vertical-eudois.escalade-normandie.com\/index.php\/wp-json\/wp\/v2\/types\/page"}],"author":[{"embeddable":true,"href":"https:\/\/vertical-eudois.escalade-normandie.com\/index.php\/wp-json\/wp\/v2\/users\/3"}],"replies":[{"embeddable":true,"href":"https:\/\/vertical-eudois.escalade-normandie.com\/index.php\/wp-json\/wp\/v2\/comments?post=45"}],"version-history":[{"count":26,"href":"https:\/\/vertical-eudois.escalade-normandie.com\/index.php\/wp-json\/wp\/v2\/pages\/45\/revisions"}],"predecessor-version":[{"id":454,"href":"https:\/\/vertical-eudois.escalade-normandie.com\/index.php\/wp-json\/wp\/v2\/pages\/45\/revisions\/454"}],"wp:attachment":[{"href":"https:\/\/vertical-eudois.escalade-normandie.com\/index.php\/wp-json\/wp\/v2\/media?parent=45"}],"curies":[{"name":"wp","href":"https:\/\/api.w.org\/{rel}","templated":true}]}}