{"id":41,"date":"2020-09-10T16:00:00","date_gmt":"2020-09-10T14:00:00","guid":{"rendered":"https:\/\/vertical-eudois.escalade-normandie.com\/?page_id=41"},"modified":"2025-08-20T11:32:31","modified_gmt":"2025-08-20T09:32:31","slug":"les-creneaux","status":"publish","type":"page","link":"https:\/\/vertical-eudois.escalade-normandie.com\/index.php\/les-creneaux\/","title":{"rendered":"Les cr\u00e9neaux"},"content":{"rendered":"\n<hr class=\"wp-block-separator has-css-opacity is-style-wide\"\/>\n\n\n\n<h2 class=\"wp-block-heading\">Les cr\u00e9neaux encadr\u00e9s<\/h2>\n\n\n\n<p><strong>Horaires 2025-2026:<\/strong><br><strong>Au gymnase du lyc\u00e9e:<\/strong><br>Lundi 19h-21h30: Adultes d\u00e9butants avec Eug\u00e9nie, Eric et Maxime<br>Lundi 19h-21h : Groupe comp\u00e9tition avec Fran\u00e7ois<br>Mercredi 17h30-19h30: Enfants confirm\u00e9s avec Yann, Anne et Aline<br>Jeudi 19h-21h : Ados d\u00e9butants (n\u00e9s entre 2008 et 2013) avec Thomas<br>Vendredi 18h-19h30: Enfants d\u00e9butants (n\u00e9s entre 2014 et 2017) avec Cyrille, Jonathan et Aline<br>Vendredi 19h30-21h30: Familles (au moins un adulte et un enfant de la m\u00eame famille)<\/p>\n\n\n\n<p><strong>Au gymnase municipal:<\/strong><br>Samedi 10h30-12h: Enfants d\u00e9butants (n\u00e9s entre 2018 et 2019) avec Corentin et Benjamin<\/p>\n\n\n\n<hr class=\"wp-block-separator has-css-opacity\"\/>\n\n\n\n<div class=\"wp-block-group\"><div class=\"wp-block-group__inner-container is-layout-flow wp-block-group-is-layout-flow\">\n<h2 class=\"wp-block-heading\">Les cr\u00e9neaux libres <\/h2>\n\n\n\n<p><em>(minimum passeport jaune et module s\u00e9curit\u00e9 orange)<\/em><\/p>\n<\/div><\/div>\n\n\n\n<div class=\"wp-block-group\"><div class=\"wp-block-group__inner-container is-layout-flow wp-block-group-is-layout-flow\">\n<p><strong>Horaires 2025-2026:<\/strong><br><em>Gymnase du lyc\u00e9e<\/em><br>Mercredi: 19h30-21h30<br>Vendredi: 19h30-21h30<br>et occasionnellement le Samedi de 14h \u00e0 18h<\/p>\n<\/div><\/div>\n","protected":false},"excerpt":{"rendered":"<p>Les cr\u00e9neaux encadr\u00e9s Horaires 2025-2026:Au gymnase du lyc\u00e9e:Lundi 19h-21h30: Adultes d\u00e9butants avec Eug\u00e9nie, Eric et MaximeLundi 19h-21h : Groupe comp\u00e9tition avec Fran\u00e7oisMercredi 17h30-19h30: Enfants confirm\u00e9s avec Yann, Anne et AlineJeudi 19h-21h : Ados d\u00e9butants (n\u00e9s entre 2008 et 2013) avec ThomasVendredi 18h-19h30: Enfants d\u00e9butants (n\u00e9s entre 2014 et 2017) avec Cyrille, Jonathan et AlineVendredi 19h30-21h30: <a class=\"more-link\" href=\"https:\/\/vertical-eudois.escalade-normandie.com\/index.php\/les-creneaux\/\">Lire plus &#8230;<\/a><\/p>\n","protected":false},"author":3,"featured_media":0,"parent":0,"menu_order":0,"comment_status":"closed","ping_status":"closed","template":"","meta":{"footnotes":""},"class_list":["post-41","page","type-page","status-publish","hentry"],"_links":{"self":[{"href":"https:\/\/vertical-eudois.escalade-normandie.com\/index.php\/wp-json\/wp\/v2\/pages\/41"}],"collection":[{"href":"https:\/\/vertical-eudois.escalade-normandie.com\/index.php\/wp-json\/wp\/v2\/pages"}],"about":[{"href":"https:\/\/vertical-eudois.escalade-normandie.com\/index.php\/wp-json\/wp\/v2\/types\/page"}],"author":[{"embeddable":true,"href":"https:\/\/vertical-eudois.escalade-normandie.com\/index.php\/wp-json\/wp\/v2\/users\/3"}],"replies":[{"embeddable":true,"href":"https:\/\/vertical-eudois.escalade-normandie.com\/index.php\/wp-json\/wp\/v2\/comments?post=41"}],"version-history":[{"count":20,"href":"https:\/\/vertical-eudois.escalade-normandie.com\/index.php\/wp-json\/wp\/v2\/pages\/41\/revisions"}],"predecessor-version":[{"id":491,"href":"https:\/\/vertical-eudois.escalade-normandie.com\/index.php\/wp-json\/wp\/v2\/pages\/41\/revisions\/491"}],"wp:attachment":[{"href":"https:\/\/vertical-eudois.escalade-normandie.com\/index.php\/wp-json\/wp\/v2\/media?parent=41"}],"curies":[{"name":"wp","href":"https:\/\/api.w.org\/{rel}","templated":true}]}}