{"id":18,"date":"2020-08-30T14:30:27","date_gmt":"2020-08-30T12:30:27","guid":{"rendered":"https:\/\/vertical-eudois.escalade-normandie.com\/?page_id=18"},"modified":"2025-08-20T13:58:42","modified_gmt":"2025-08-20T11:58:42","slug":"nos-equipes","status":"publish","type":"page","link":"https:\/\/vertical-eudois.escalade-normandie.com\/index.php\/nos-equipes\/","title":{"rendered":"Nos \u00e9quipes"},"content":{"rendered":"\n<hr class=\"wp-block-separator has-css-opacity is-style-wide\"\/>\n\n\n\n<h3 class=\"wp-block-heading\">L&rsquo;\u00e9quipe de direction<\/h3>\n\n\n\n<p><\/p>\n\n\n\n<div class=\"wp-block-group alignwide\"><div class=\"wp-block-group__inner-container is-layout-flow wp-block-group-is-layout-flow\">\n<div class=\"wp-block-media-text alignwide is-stacked-on-mobile is-image-fill\" style=\"grid-template-columns:33% auto\"><figure class=\"wp-block-media-text__media\" style=\"background-image:url(https:\/\/vertical-eudois.escalade-normandie.com\/wp-content\/uploads\/2020\/12\/francois-768x1024.jpeg);background-position:53% 45%\"><img loading=\"lazy\" decoding=\"async\" width=\"768\" height=\"1024\" src=\"https:\/\/vertical-eudois.escalade-normandie.com\/wp-content\/uploads\/2020\/12\/francois-768x1024.jpeg\" alt=\"\" class=\"wp-image-293 size-full\" srcset=\"https:\/\/vertical-eudois.escalade-normandie.com\/wp-content\/uploads\/2020\/12\/francois-768x1024.jpeg 768w, https:\/\/vertical-eudois.escalade-normandie.com\/wp-content\/uploads\/2020\/12\/francois-225x300.jpeg 225w, https:\/\/vertical-eudois.escalade-normandie.com\/wp-content\/uploads\/2020\/12\/francois-1152x1536.jpeg 1152w, https:\/\/vertical-eudois.escalade-normandie.com\/wp-content\/uploads\/2020\/12\/francois.jpeg 1200w\" sizes=\"(max-width: 768px) 100vw, 768px\" \/><\/figure><div class=\"wp-block-media-text__content\">\n<p class=\"has-text-align-center\">Pr\u00e9sident: Fran\u00e7ois DENIS<\/p>\n<\/div><\/div>\n\n\n\n<p><\/p>\n\n\n\n<p class=\"has-text-align-left has-medium-font-size\"><br><\/p>\n\n\n\n<div class=\"wp-block-media-text alignwide is-stacked-on-mobile\" style=\"grid-template-columns:33% auto\"><figure class=\"wp-block-media-text__media\"><img loading=\"lazy\" decoding=\"async\" width=\"306\" height=\"384\" src=\"https:\/\/vertical-eudois.escalade-normandie.com\/wp-content\/uploads\/2025\/08\/image.png\" alt=\"Thomas\" class=\"wp-image-496 size-full\" srcset=\"https:\/\/vertical-eudois.escalade-normandie.com\/wp-content\/uploads\/2025\/08\/image.png 306w, https:\/\/vertical-eudois.escalade-normandie.com\/wp-content\/uploads\/2025\/08\/image-239x300.png 239w\" sizes=\"(max-width: 306px) 100vw, 306px\" \/><\/figure><div class=\"wp-block-media-text__content\">\n<p class=\"has-text-align-center\">Secr\u00e9taire: Thomas FILOQUE<\/p>\n<\/div><\/div>\n\n\n\n<p><\/p>\n\n\n\n<div class=\"wp-block-media-text alignwide is-stacked-on-mobile\" style=\"grid-template-columns:33% auto\"><figure class=\"wp-block-media-text__media\"><img loading=\"lazy\" decoding=\"async\" width=\"334\" height=\"457\" src=\"https:\/\/vertical-eudois.escalade-normandie.com\/wp-content\/uploads\/2025\/08\/cyrille.png\" alt=\"\" class=\"wp-image-498 size-full\" srcset=\"https:\/\/vertical-eudois.escalade-normandie.com\/wp-content\/uploads\/2025\/08\/cyrille.png 334w, https:\/\/vertical-eudois.escalade-normandie.com\/wp-content\/uploads\/2025\/08\/cyrille-219x300.png 219w\" sizes=\"(max-width: 334px) 100vw, 334px\" \/><\/figure><div class=\"wp-block-media-text__content\">\n<p class=\"has-text-align-center\">Tr\u00e9sorier: Cyrille PELLIER<\/p>\n<\/div><\/div>\n\n\n\n<h2 class=\"wp-block-heading\">Autres membres du conseil d&rsquo;aministration:<\/h2>\n\n\n\n<div class=\"wp-block-media-text alignwide is-stacked-on-mobile\" style=\"grid-template-columns:33% auto\"><figure class=\"wp-block-media-text__media\"><img loading=\"lazy\" decoding=\"async\" width=\"342\" height=\"322\" src=\"https:\/\/vertical-eudois.escalade-normandie.com\/wp-content\/uploads\/2025\/08\/Anne.png\" alt=\"Anne Corroy\" class=\"wp-image-501 size-full\" srcset=\"https:\/\/vertical-eudois.escalade-normandie.com\/wp-content\/uploads\/2025\/08\/Anne.png 342w, https:\/\/vertical-eudois.escalade-normandie.com\/wp-content\/uploads\/2025\/08\/Anne-300x282.png 300w\" sizes=\"(max-width: 342px) 100vw, 342px\" \/><\/figure><div class=\"wp-block-media-text__content\">\n<p class=\"has-text-align-center\">Anne CORROY<\/p>\n<\/div><\/div>\n\n\n\n<p><\/p>\n\n\n\n<div class=\"wp-block-media-text alignwide is-stacked-on-mobile\" style=\"grid-template-columns:33% auto\"><figure class=\"wp-block-media-text__media\"><img loading=\"lazy\" decoding=\"async\" width=\"649\" height=\"650\" src=\"https:\/\/vertical-eudois.escalade-normandie.com\/wp-content\/uploads\/2020\/08\/52329958-male-anonyme-photo-de-profil-emotion-profil-silhouette-avatar.jpg\" alt=\"\" class=\"wp-image-207 size-full\" srcset=\"https:\/\/vertical-eudois.escalade-normandie.com\/wp-content\/uploads\/2020\/08\/52329958-male-anonyme-photo-de-profil-emotion-profil-silhouette-avatar.jpg 649w, https:\/\/vertical-eudois.escalade-normandie.com\/wp-content\/uploads\/2020\/08\/52329958-male-anonyme-photo-de-profil-emotion-profil-silhouette-avatar-300x300.jpg 300w, https:\/\/vertical-eudois.escalade-normandie.com\/wp-content\/uploads\/2020\/08\/52329958-male-anonyme-photo-de-profil-emotion-profil-silhouette-avatar-150x150.jpg 150w, https:\/\/vertical-eudois.escalade-normandie.com\/wp-content\/uploads\/2020\/08\/52329958-male-anonyme-photo-de-profil-emotion-profil-silhouette-avatar-200x200.jpg 200w\" sizes=\"(max-width: 649px) 100vw, 649px\" \/><\/figure><div class=\"wp-block-media-text__content\">\n<p class=\"has-text-align-center\">Aline BLANCHARD<\/p>\n<\/div><\/div>\n\n\n\n<div class=\"wp-block-media-text alignwide is-stacked-on-mobile\" style=\"grid-template-columns:33% auto\"><figure class=\"wp-block-media-text__media\"><img loading=\"lazy\" decoding=\"async\" width=\"374\" height=\"457\" src=\"https:\/\/vertical-eudois.escalade-normandie.com\/wp-content\/uploads\/2025\/08\/Benjamin.png\" alt=\"Benjamin\" class=\"wp-image-497 size-full\" srcset=\"https:\/\/vertical-eudois.escalade-normandie.com\/wp-content\/uploads\/2025\/08\/Benjamin.png 374w, https:\/\/vertical-eudois.escalade-normandie.com\/wp-content\/uploads\/2025\/08\/Benjamin-246x300.png 246w\" sizes=\"(max-width: 374px) 100vw, 374px\" \/><\/figure><div class=\"wp-block-media-text__content\">\n<p class=\"has-text-align-center\">Benjamin YVON<\/p>\n<\/div><\/div>\n\n\n\n<p><\/p>\n\n\n\n<hr class=\"wp-block-separator has-css-opacity\"\/>\n<\/div><\/div>\n\n\n\n<h3 class=\"wp-block-heading\">L&rsquo;\u00e9quipe d&rsquo;encadrement<\/h3>\n\n\n\n<div class=\"wp-block-media-text alignwide is-stacked-on-mobile is-image-fill\" style=\"grid-template-columns:34% auto\"><figure class=\"wp-block-media-text__media\" style=\"background-image:url(https:\/\/vertical-eudois.escalade-normandie.com\/wp-content\/uploads\/2020\/09\/IMG-20200915-WA0000.jpg);background-position:50% 40%\"><img loading=\"lazy\" decoding=\"async\" width=\"720\" height=\"960\" src=\"https:\/\/vertical-eudois.escalade-normandie.com\/wp-content\/uploads\/2020\/09\/IMG-20200915-WA0000.jpg\" alt=\"\" class=\"wp-image-285 size-full\" srcset=\"https:\/\/vertical-eudois.escalade-normandie.com\/wp-content\/uploads\/2020\/09\/IMG-20200915-WA0000.jpg 720w, https:\/\/vertical-eudois.escalade-normandie.com\/wp-content\/uploads\/2020\/09\/IMG-20200915-WA0000-225x300.jpg 225w\" sizes=\"(max-width: 720px) 100vw, 720px\" \/><\/figure><div class=\"wp-block-media-text__content\">\n<p class=\"has-text-align-center\">Eric BADIE <br>(Initiateur SAE, Ouvreur de club)<\/p>\n<\/div><\/div>\n\n\n\n<p><\/p>\n\n\n\n<div class=\"wp-block-media-text alignwide is-stacked-on-mobile is-image-fill\" style=\"grid-template-columns:36% auto\"><figure class=\"wp-block-media-text__media\" style=\"background-image:url(https:\/\/vertical-eudois.escalade-normandie.com\/wp-content\/uploads\/2020\/12\/francois_cr.jpg);background-position:50% 50%\"><img loading=\"lazy\" decoding=\"async\" width=\"558\" height=\"745\" src=\"https:\/\/vertical-eudois.escalade-normandie.com\/wp-content\/uploads\/2020\/12\/francois_cr.jpg\" alt=\"\" class=\"wp-image-296 size-full\" srcset=\"https:\/\/vertical-eudois.escalade-normandie.com\/wp-content\/uploads\/2020\/12\/francois_cr.jpg 558w, https:\/\/vertical-eudois.escalade-normandie.com\/wp-content\/uploads\/2020\/12\/francois_cr-225x300.jpg 225w\" sizes=\"(max-width: 558px) 100vw, 558px\" \/><\/figure><div class=\"wp-block-media-text__content\">\n<p class=\"has-text-align-center\">Fran\u00e7ois DENIS <br>(Initiateur escalade, Entraineur de club, Ouvreur de club, Moniteur escalade sportive, Moniteur grands espaces)<\/p>\n<\/div><\/div>\n\n\n\n<p><\/p>\n\n\n\n<div class=\"wp-block-media-text alignwide is-stacked-on-mobile\" style=\"grid-template-columns:36% auto\"><figure class=\"wp-block-media-text__media\"><img loading=\"lazy\" decoding=\"async\" width=\"306\" height=\"384\" src=\"https:\/\/vertical-eudois.escalade-normandie.com\/wp-content\/uploads\/2025\/08\/image.png\" alt=\"Thomas\" class=\"wp-image-496 size-full\" srcset=\"https:\/\/vertical-eudois.escalade-normandie.com\/wp-content\/uploads\/2025\/08\/image.png 306w, https:\/\/vertical-eudois.escalade-normandie.com\/wp-content\/uploads\/2025\/08\/image-239x300.png 239w\" sizes=\"(max-width: 306px) 100vw, 306px\" \/><\/figure><div class=\"wp-block-media-text__content\">\n<p class=\"has-text-align-center\">Thomas FILOQUE <br>(Initiateur escalade, Moniteur escalade sportive, Juge de bloc et de diff, Pr\u00e9sident de jury)<\/p>\n<\/div><\/div>\n\n\n\n<p><\/p>\n\n\n\n<div class=\"wp-block-media-text alignwide is-stacked-on-mobile\" style=\"grid-template-columns:35% auto\"><figure class=\"wp-block-media-text__media\"><img loading=\"lazy\" decoding=\"async\" width=\"649\" height=\"650\" src=\"https:\/\/vertical-eudois.escalade-normandie.com\/wp-content\/uploads\/2020\/08\/52329958-male-anonyme-photo-de-profil-emotion-profil-silhouette-avatar.jpg\" alt=\"\" class=\"wp-image-207 size-full\" srcset=\"https:\/\/vertical-eudois.escalade-normandie.com\/wp-content\/uploads\/2020\/08\/52329958-male-anonyme-photo-de-profil-emotion-profil-silhouette-avatar.jpg 649w, https:\/\/vertical-eudois.escalade-normandie.com\/wp-content\/uploads\/2020\/08\/52329958-male-anonyme-photo-de-profil-emotion-profil-silhouette-avatar-300x300.jpg 300w, https:\/\/vertical-eudois.escalade-normandie.com\/wp-content\/uploads\/2020\/08\/52329958-male-anonyme-photo-de-profil-emotion-profil-silhouette-avatar-150x150.jpg 150w, https:\/\/vertical-eudois.escalade-normandie.com\/wp-content\/uploads\/2020\/08\/52329958-male-anonyme-photo-de-profil-emotion-profil-silhouette-avatar-200x200.jpg 200w\" sizes=\"(max-width: 649px) 100vw, 649px\" \/><\/figure><div class=\"wp-block-media-text__content\">\n<p class=\"has-text-align-center\">Herv\u00e9 HEGUIN <br>(V\u00e9rificateur EPI)<\/p>\n<\/div><\/div>\n\n\n\n<p><\/p>\n\n\n\n<div class=\"wp-block-media-text alignwide is-stacked-on-mobile\" style=\"grid-template-columns:36% auto\"><figure class=\"wp-block-media-text__media\"><img loading=\"lazy\" decoding=\"async\" width=\"359\" height=\"366\" src=\"https:\/\/vertical-eudois.escalade-normandie.com\/wp-content\/uploads\/2025\/08\/Yann.png\" alt=\"Yann Cueff\" class=\"wp-image-499 size-full\" srcset=\"https:\/\/vertical-eudois.escalade-normandie.com\/wp-content\/uploads\/2025\/08\/Yann.png 359w, https:\/\/vertical-eudois.escalade-normandie.com\/wp-content\/uploads\/2025\/08\/Yann-294x300.png 294w, https:\/\/vertical-eudois.escalade-normandie.com\/wp-content\/uploads\/2025\/08\/Yann-40x40.png 40w\" sizes=\"(max-width: 359px) 100vw, 359px\" \/><\/figure><div class=\"wp-block-media-text__content\">\n<p class=\"has-text-align-center\">Yann CUEFF <br>(Initiateur SAE)<\/p>\n<\/div><\/div>\n\n\n\n<div class=\"wp-block-media-text alignwide is-stacked-on-mobile\" style=\"grid-template-columns:36% auto\"><figure class=\"wp-block-media-text__media\"><img loading=\"lazy\" decoding=\"async\" width=\"338\" height=\"414\" src=\"https:\/\/vertical-eudois.escalade-normandie.com\/wp-content\/uploads\/2025\/08\/Eugenie.png\" alt=\"Eug\u00e9nie DALLE\" class=\"wp-image-500 size-full\" srcset=\"https:\/\/vertical-eudois.escalade-normandie.com\/wp-content\/uploads\/2025\/08\/Eugenie.png 338w, https:\/\/vertical-eudois.escalade-normandie.com\/wp-content\/uploads\/2025\/08\/Eugenie-245x300.png 245w\" sizes=\"(max-width: 338px) 100vw, 338px\" \/><\/figure><div class=\"wp-block-media-text__content\">\n<p class=\"has-text-align-center\">Eug\u00e9nie DALLE <br>(Initiateur SAE)<\/p>\n<\/div><\/div>\n\n\n\n<p><\/p>\n\n\n\n<div class=\"wp-block-media-text alignwide is-stacked-on-mobile\" style=\"grid-template-columns:36% auto\"><figure class=\"wp-block-media-text__media\"><img loading=\"lazy\" decoding=\"async\" width=\"334\" height=\"457\" src=\"https:\/\/vertical-eudois.escalade-normandie.com\/wp-content\/uploads\/2025\/08\/cyrille.png\" alt=\"\" class=\"wp-image-498 size-full\" srcset=\"https:\/\/vertical-eudois.escalade-normandie.com\/wp-content\/uploads\/2025\/08\/cyrille.png 334w, https:\/\/vertical-eudois.escalade-normandie.com\/wp-content\/uploads\/2025\/08\/cyrille-219x300.png 219w\" sizes=\"(max-width: 334px) 100vw, 334px\" \/><\/figure><div class=\"wp-block-media-text__content\">\n<p class=\"has-text-align-center\">Cyrille PELLIER (Initiateur SAE)<\/p>\n<\/div><\/div>\n\n\n\n<p class=\"has-normal-font-size\"><\/p>\n","protected":false},"excerpt":{"rendered":"<p>L&rsquo;\u00e9quipe de direction Pr\u00e9sident: Fran\u00e7ois DENIS Secr\u00e9taire: Thomas FILOQUE Tr\u00e9sorier: Cyrille PELLIER Autres membres du conseil d&rsquo;aministration: Anne CORROY Aline BLANCHARD Benjamin YVON L&rsquo;\u00e9quipe d&rsquo;encadrement Eric BADIE (Initiateur SAE, Ouvreur de club) Fran\u00e7ois DENIS (Initiateur escalade, Entraineur de club, Ouvreur de club, Moniteur escalade sportive, Moniteur grands espaces) Thomas FILOQUE (Initiateur escalade, Moniteur escalade sportive, <a class=\"more-link\" href=\"https:\/\/vertical-eudois.escalade-normandie.com\/index.php\/nos-equipes\/\">Lire plus &#8230;<\/a><\/p>\n","protected":false},"author":3,"featured_media":0,"parent":0,"menu_order":0,"comment_status":"closed","ping_status":"closed","template":"","meta":{"footnotes":""},"class_list":["post-18","page","type-page","status-publish","hentry"],"_links":{"self":[{"href":"https:\/\/vertical-eudois.escalade-normandie.com\/index.php\/wp-json\/wp\/v2\/pages\/18"}],"collection":[{"href":"https:\/\/vertical-eudois.escalade-normandie.com\/index.php\/wp-json\/wp\/v2\/pages"}],"about":[{"href":"https:\/\/vertical-eudois.escalade-normandie.com\/index.php\/wp-json\/wp\/v2\/types\/page"}],"author":[{"embeddable":true,"href":"https:\/\/vertical-eudois.escalade-normandie.com\/index.php\/wp-json\/wp\/v2\/users\/3"}],"replies":[{"embeddable":true,"href":"https:\/\/vertical-eudois.escalade-normandie.com\/index.php\/wp-json\/wp\/v2\/comments?post=18"}],"version-history":[{"count":28,"href":"https:\/\/vertical-eudois.escalade-normandie.com\/index.php\/wp-json\/wp\/v2\/pages\/18\/revisions"}],"predecessor-version":[{"id":502,"href":"https:\/\/vertical-eudois.escalade-normandie.com\/index.php\/wp-json\/wp\/v2\/pages\/18\/revisions\/502"}],"wp:attachment":[{"href":"https:\/\/vertical-eudois.escalade-normandie.com\/index.php\/wp-json\/wp\/v2\/media?parent=18"}],"curies":[{"name":"wp","href":"https:\/\/api.w.org\/{rel}","templated":true}]}}